{"id":15952,"date":"2025-04-04T18:51:46","date_gmt":"2025-04-04T18:51:46","guid":{"rendered":"https:\/\/underhaus.com\/producto\/perfume-lattafa-velvet-musk-100ml\/"},"modified":"2025-09-22T00:00:21","modified_gmt":"2025-09-22T00:00:21","slug":"perfume-lattafa-velvet-musk-100ml","status":"publish","type":"product","link":"https:\/\/underhaus.com\/en\/product\/perfume-lattafa-velvet-musk-100ml\/","title":{"rendered":"Perfume Lattafa Velvet Musk 100ml"},"content":{"rendered":"<p><strong>Velvet Musk<\/strong><span> de Lattafa es una fragancia que te transporta a un mundo de suavidad, elegancia y sensualidad. Perfecta para aquellos que buscan una fragancia sofisticada, femenina y c\u00e1lida, ideal para todo el d\u00eda o una noche especial.\u00a0<\/span><\/p>\n<p><span>Esta fragancia se abre con la elegancia suave y aireada del almizcle blanco y el t\u00e9 verde, creando una introducci\u00f3n limpia y delicada. El coraz\u00f3n aporta una mezcla c\u00e1lida y cremosa de vainilla y el toque floral en polvo del iris, a\u00f1adiendo una capa de refinamiento y dulzura.<\/span><\/p>","protected":false},"excerpt":{"rendered":"<p>-Notas de salida: almizcle blanco, t\u00e9 negro.<br \/>\n-Notas de Coraz\u00f3n &#8211; Vainilla, Iris.<br \/>\n-Notas de Fondo: \u00c1mbar, Coumarin, Cedro.<br \/>\n-contenido: 100ml<br \/>\n-Genero: unisex<\/p>","protected":false},"featured_media":15969,"template":"","meta":[],"product_brand":[],"product_cat":[1686],"product_tag":[],"class_list":{"0":"post-15952","1":"product","2":"type-product","3":"status-publish","4":"has-post-thumbnail","6":"product_cat-cosmetica","8":"first","9":"instock","10":"shipping-taxable","11":"purchasable","12":"product-type-simple"},"aioseo_notices":[],"jetpack_sharing_enabled":true,"_links":{"self":[{"href":"https:\/\/underhaus.com\/en\/wp-json\/wp\/v2\/product\/15952","targetHints":{"allow":["GET"]}}],"collection":[{"href":"https:\/\/underhaus.com\/en\/wp-json\/wp\/v2\/product"}],"about":[{"href":"https:\/\/underhaus.com\/en\/wp-json\/wp\/v2\/types\/product"}],"wp:featuredmedia":[{"embeddable":true,"href":"https:\/\/underhaus.com\/en\/wp-json\/wp\/v2\/media\/15969"}],"wp:attachment":[{"href":"https:\/\/underhaus.com\/en\/wp-json\/wp\/v2\/media?parent=15952"}],"wp:term":[{"taxonomy":"product_brand","embeddable":true,"href":"https:\/\/underhaus.com\/en\/wp-json\/wp\/v2\/product_brand?post=15952"},{"taxonomy":"product_cat","embeddable":true,"href":"https:\/\/underhaus.com\/en\/wp-json\/wp\/v2\/product_cat?post=15952"},{"taxonomy":"product_tag","embeddable":true,"href":"https:\/\/underhaus.com\/en\/wp-json\/wp\/v2\/product_tag?post=15952"}],"curies":[{"name":"wp","href":"https:\/\/api.w.org\/{rel}","templated":true}]}}