{"id":15562,"date":"2025-01-29T19:38:09","date_gmt":"2025-01-29T19:38:09","guid":{"rendered":"https:\/\/underhaus.com\/producto\/perfume-lattafa-glory-badee-al-oud-black-100ml\/"},"modified":"2025-12-19T00:00:14","modified_gmt":"2025-12-19T00:00:14","slug":"perfume-lattafa-glory-badee-al-oud-black-100ml","status":"publish","type":"product","link":"https:\/\/underhaus.com\/en\/product\/perfume-lattafa-glory-badee-al-oud-black-100ml\/","title":{"rendered":"Perfume Lattafa Glory Badee Al Oud Black  100ml"},"content":{"rendered":"<p style=\"margin-left:0px\">El perfume Lattafa Bade\u2019e Al Oud Oud for Glory es una verdadera celebraci\u00f3n de la opulencia y el encanto del oud. Esta fragancia cautiva con su rica y seductora combinaci\u00f3n de notas orientales, creando una experiencia olfativa que es exquisitamente lujosa y misteriosamente envolvente. Inspirado en la rica herencia de la perfumer\u00eda \u00e1rabe, este perfume es una expresi\u00f3n de la elegancia y la sofisticaci\u00f3n que caracterizan a la cultura del Medio Oriente. Con cada aplicaci\u00f3n, la fragancia envuelve los sentidos en un aura c\u00e1lida y sensual, transportando al usuario a un viaje sensorial a trav\u00e9s de antiguos mercados y ex\u00f3ticos paisajes<\/p>","protected":false},"excerpt":{"rendered":"<p>Edici\u00f3n: Bade&#8217;e Al Oud Oud for Glory.<br \/>\n&#8211; Contiene: 100ml.<br \/>\n&#8211; G\u00e9nero: Unisex.<br \/>\n&#8211; Notas principal: Azafr\u00e1n, nuez moscada, lavanda.<br \/>\n&#8211; Notas de coraz\u00f3n: Madera de agar, pachul\u00ed.<br \/>\n&#8211; Notas de base: Madera de agar, pachul\u00ed, almizcle<\/p>","protected":false},"featured_media":15560,"template":"","meta":[],"product_brand":[],"product_cat":[1686],"product_tag":[],"class_list":{"0":"post-15562","1":"product","2":"type-product","3":"status-publish","4":"has-post-thumbnail","6":"product_cat-cosmetica","8":"first","9":"instock","10":"shipping-taxable","11":"purchasable","12":"product-type-simple"},"aioseo_notices":[],"jetpack_sharing_enabled":true,"_links":{"self":[{"href":"https:\/\/underhaus.com\/en\/wp-json\/wp\/v2\/product\/15562","targetHints":{"allow":["GET"]}}],"collection":[{"href":"https:\/\/underhaus.com\/en\/wp-json\/wp\/v2\/product"}],"about":[{"href":"https:\/\/underhaus.com\/en\/wp-json\/wp\/v2\/types\/product"}],"wp:featuredmedia":[{"embeddable":true,"href":"https:\/\/underhaus.com\/en\/wp-json\/wp\/v2\/media\/15560"}],"wp:attachment":[{"href":"https:\/\/underhaus.com\/en\/wp-json\/wp\/v2\/media?parent=15562"}],"wp:term":[{"taxonomy":"product_brand","embeddable":true,"href":"https:\/\/underhaus.com\/en\/wp-json\/wp\/v2\/product_brand?post=15562"},{"taxonomy":"product_cat","embeddable":true,"href":"https:\/\/underhaus.com\/en\/wp-json\/wp\/v2\/product_cat?post=15562"},{"taxonomy":"product_tag","embeddable":true,"href":"https:\/\/underhaus.com\/en\/wp-json\/wp\/v2\/product_tag?post=15562"}],"curies":[{"name":"wp","href":"https:\/\/api.w.org\/{rel}","templated":true}]}}