{"id":15543,"date":"2025-01-16T20:05:31","date_gmt":"2025-01-16T20:05:31","guid":{"rendered":"https:\/\/underhaus.com\/producto\/municiones-hidrogel-20-gr\/"},"modified":"2026-03-16T00:00:20","modified_gmt":"2026-03-16T00:00:20","slug":"municiones-hidrogel-20-gr","status":"publish","type":"product","link":"https:\/\/underhaus.com\/en\/product\/municiones-hidrogel-20-gr\/","title":{"rendered":"Municiones Hidrogel 20 gr"},"content":{"rendered":"<p><span>Mant\u00e9n la acci\u00f3n sin pausas con este paquete de recarga de municiones de gel. Dise\u00f1adas para ofrecer horas de diversi\u00f3n sin complicaciones, estas bolitas de gel son no t\u00f3xicas, ecol\u00f3gicas y f\u00e1ciles de usar. Una vez hidratadas, estar\u00e1n listas para intensas batallas, garantizando una experiencia de juego limpia, sin manchas ni residuos. Perfectas para largas sesiones de juego, las municiones de gel eliminan la necesidad de limpiar despu\u00e9s de cada combate. Este paquete es ideal para quienes buscan siempre estar preparados y no quedarse sin municiones en el momento m\u00e1s crucial. Simplemente agrega agua cuando las necesites y guarda el resto para futuras batallas.&nbsp;<\/span><\/p>","protected":false},"excerpt":{"rendered":"<p>Disponible en colores aleatorios, como azul, rojo y transparente (consulta disponibilidad).<\/p>\n<p>&#8211; Referencia: 177.<br \/>\n&#8211; Color: Se suministra en colores aleatorios, consultar disponibilidad.<br \/>\n&#8211; Contiene: 1 paquete de municiones de 20 gramos.<br \/>\nColores:<br \/>\n&#8211; Azul.<br \/>\n&#8211; Rojo.<br \/>\n&#8211; Transparente.<\/p>","protected":false},"featured_media":15540,"template":"","meta":[],"product_brand":[],"product_cat":[21],"product_tag":[],"class_list":{"0":"post-15543","1":"product","2":"type-product","3":"status-publish","4":"has-post-thumbnail","6":"product_cat-toys","8":"first","9":"instock","10":"shipping-taxable","11":"purchasable","12":"product-type-simple"},"aioseo_notices":[],"jetpack_sharing_enabled":true,"_links":{"self":[{"href":"https:\/\/underhaus.com\/en\/wp-json\/wp\/v2\/product\/15543","targetHints":{"allow":["GET"]}}],"collection":[{"href":"https:\/\/underhaus.com\/en\/wp-json\/wp\/v2\/product"}],"about":[{"href":"https:\/\/underhaus.com\/en\/wp-json\/wp\/v2\/types\/product"}],"wp:featuredmedia":[{"embeddable":true,"href":"https:\/\/underhaus.com\/en\/wp-json\/wp\/v2\/media\/15540"}],"wp:attachment":[{"href":"https:\/\/underhaus.com\/en\/wp-json\/wp\/v2\/media?parent=15543"}],"wp:term":[{"taxonomy":"product_brand","embeddable":true,"href":"https:\/\/underhaus.com\/en\/wp-json\/wp\/v2\/product_brand?post=15543"},{"taxonomy":"product_cat","embeddable":true,"href":"https:\/\/underhaus.com\/en\/wp-json\/wp\/v2\/product_cat?post=15543"},{"taxonomy":"product_tag","embeddable":true,"href":"https:\/\/underhaus.com\/en\/wp-json\/wp\/v2\/product_tag?post=15543"}],"curies":[{"name":"wp","href":"https:\/\/api.w.org\/{rel}","templated":true}]}}