{"id":15481,"date":"2024-12-13T17:04:17","date_gmt":"2024-12-13T17:04:17","guid":{"rendered":"https:\/\/underhaus.com\/producto\/perfume-lattafa-emeer-eau-de-parfum-100ml\/"},"modified":"2026-01-25T00:00:15","modified_gmt":"2026-01-25T00:00:15","slug":"perfume-lattafa-emeer-eau-de-parfum-100ml","status":"publish","type":"product","link":"https:\/\/underhaus.com\/en\/product\/perfume-lattafa-emeer-eau-de-parfum-100ml\/","title":{"rendered":"Perfume Lattafa Emeer Eau de Parfum 100ml"},"content":{"rendered":"<p>El perfume Emeer Lattafa es una fragancia de la familia olfativa Amaderada Arom\u00e1tica para hombres y mujeres. Con una concentraci\u00f3n del tipo Eau de Parfum, ofrece una duradera y alta intensidad arom\u00e1tica en la piel. Sus notas est\u00e1n compuestas por los siguientes ingredientes.<\/p>","protected":false},"excerpt":{"rendered":"<p>G\u00e9nero: Unisex<br \/>\nArom\u00e1tica: Duradera<br \/>\nNotas de salida: Lim\u00f3n (lima \u00e1cida), bergamota, esclarea y bayas de enebro<br \/>\nNota de coraz\u00f3n: T\u00e9 Blanco, s\u00e1ndalo, cardamomo y incienso de ol\u00edbano (franquincienso)<br \/>\nNotas de fondo: Ambar gris, cedro, pachul\u00ed y cachemira<\/p>","protected":false},"featured_media":15480,"template":"","meta":[],"product_brand":[],"product_cat":[1686],"product_tag":[],"class_list":{"0":"post-15481","1":"product","2":"type-product","3":"status-publish","4":"has-post-thumbnail","6":"product_cat-cosmetica","8":"first","9":"instock","10":"shipping-taxable","11":"purchasable","12":"product-type-simple"},"aioseo_notices":[],"jetpack_sharing_enabled":true,"_links":{"self":[{"href":"https:\/\/underhaus.com\/en\/wp-json\/wp\/v2\/product\/15481","targetHints":{"allow":["GET"]}}],"collection":[{"href":"https:\/\/underhaus.com\/en\/wp-json\/wp\/v2\/product"}],"about":[{"href":"https:\/\/underhaus.com\/en\/wp-json\/wp\/v2\/types\/product"}],"wp:featuredmedia":[{"embeddable":true,"href":"https:\/\/underhaus.com\/en\/wp-json\/wp\/v2\/media\/15480"}],"wp:attachment":[{"href":"https:\/\/underhaus.com\/en\/wp-json\/wp\/v2\/media?parent=15481"}],"wp:term":[{"taxonomy":"product_brand","embeddable":true,"href":"https:\/\/underhaus.com\/en\/wp-json\/wp\/v2\/product_brand?post=15481"},{"taxonomy":"product_cat","embeddable":true,"href":"https:\/\/underhaus.com\/en\/wp-json\/wp\/v2\/product_cat?post=15481"},{"taxonomy":"product_tag","embeddable":true,"href":"https:\/\/underhaus.com\/en\/wp-json\/wp\/v2\/product_tag?post=15481"}],"curies":[{"name":"wp","href":"https:\/\/api.w.org\/{rel}","templated":true}]}}