{"id":15429,"date":"2024-11-16T18:48:17","date_gmt":"2024-11-16T18:48:17","guid":{"rendered":"https:\/\/underhaus.com\/producto\/perfume-lattafa-amethyst-badee-al-oud-100ml\/"},"modified":"2025-12-22T00:00:16","modified_gmt":"2025-12-22T00:00:16","slug":"perfume-lattafa-amethyst-badee-al-oud-100ml","status":"publish","type":"product","link":"https:\/\/underhaus.com\/en\/product\/perfume-lattafa-amethyst-badee-al-oud-100ml\/","title":{"rendered":"Perfume Lattafa Amethyst Badee Al Oud 100ml"},"content":{"rendered":"<p>Lattafa Khamra<strong>h<\/strong> es un perfume que captura la esencia de la elegancia y la pasi\u00f3n. Su aroma distintivo est\u00e1 dise\u00f1ado para quienes buscan una experiencia olfativa inolvidable. Ideal para el uso diario o ocasiones especiales, Khamrah envuelve a quien lo lleva en un aura de misterio y sofisticaci\u00f3n. <span>Este perfume tiene una alta concentraci\u00f3n de aceites esenciales, garantizando una experiencia olfativa intensa y duradera.<\/span><\/p>\n<p>\u00a0<\/p>","protected":false},"excerpt":{"rendered":"<p>Capacidad: 100 ml<br \/>\nGenero: Masculino<br \/>\nConcentraci\u00f3n: Media-alta, perfecta para duraci\u00f3n prolongada<br \/>\nNotas de salida: Frutas dulces y especias<br \/>\nNotas de coraz\u00f3n: Florales y gourmand<br \/>\nNotas de fondo: Madera y vainilla<\/p>","protected":false},"featured_media":15474,"template":"","meta":[],"product_brand":[],"product_cat":[1686],"product_tag":[],"class_list":{"0":"post-15429","1":"product","2":"type-product","3":"status-publish","4":"has-post-thumbnail","6":"product_cat-cosmetica","8":"first","9":"instock","10":"shipping-taxable","11":"purchasable","12":"product-type-simple"},"aioseo_notices":[],"jetpack_sharing_enabled":true,"_links":{"self":[{"href":"https:\/\/underhaus.com\/en\/wp-json\/wp\/v2\/product\/15429","targetHints":{"allow":["GET"]}}],"collection":[{"href":"https:\/\/underhaus.com\/en\/wp-json\/wp\/v2\/product"}],"about":[{"href":"https:\/\/underhaus.com\/en\/wp-json\/wp\/v2\/types\/product"}],"wp:featuredmedia":[{"embeddable":true,"href":"https:\/\/underhaus.com\/en\/wp-json\/wp\/v2\/media\/15474"}],"wp:attachment":[{"href":"https:\/\/underhaus.com\/en\/wp-json\/wp\/v2\/media?parent=15429"}],"wp:term":[{"taxonomy":"product_brand","embeddable":true,"href":"https:\/\/underhaus.com\/en\/wp-json\/wp\/v2\/product_brand?post=15429"},{"taxonomy":"product_cat","embeddable":true,"href":"https:\/\/underhaus.com\/en\/wp-json\/wp\/v2\/product_cat?post=15429"},{"taxonomy":"product_tag","embeddable":true,"href":"https:\/\/underhaus.com\/en\/wp-json\/wp\/v2\/product_tag?post=15429"}],"curies":[{"name":"wp","href":"https:\/\/api.w.org\/{rel}","templated":true}]}}