{"id":14043,"date":"2023-06-02T16:47:48","date_gmt":"2023-06-02T16:47:48","guid":{"rendered":"https:\/\/underhaus.com\/producto\/ignite-v40-descartable-4000-puff\/"},"modified":"2025-06-02T14:52:42","modified_gmt":"2025-06-02T14:52:42","slug":"ignite-v40-descartable-4000-puff","status":"publish","type":"product","link":"https:\/\/underhaus.com\/en\/product\/ignite-v40-descartable-4000-puff\/","title":{"rendered":"Ignite V40 Descartable 4000 puff"},"content":{"rendered":"<p><span><strong>Contenido:<\/strong><\/span><\/p>\n<p>1 <span>Ignite V25 Descartable 2500 puff<\/span><\/p>\n<p><strong>Caracter\u00edsticas:<\/strong><\/p>\n<p>Pod descartable<\/p>\n<p>2.500 puffs<\/p>\n<p>5% de Nicotina<\/p>\n<p><span><strong>M\u00e1s sobre el producto:<\/strong><\/span><\/p>\n<p><span>El Ignite V25 Descartable 2500 puff cuenta con hardware nuevo y tecnolog\u00eda de dibujo autom\u00e1tico para brindar la experiencia de vapor m\u00e1s suave sin carga ni ajustes de configuraci\u00f3n. Simplemente inhale para activar el dispositivo precargado. La bater\u00eda de 1000 mAh ofrece un tremendo sabor en m\u00e1s de 2500 inhalaciones, suficiente para mantenerte satisfecho durante d\u00edas. Cada bol\u00edgrafo contiene un 5% de nicotina sint\u00e9tica para una experiencia de nicotina precisa al estilo de un cigarrillo.<\/span><\/p>","protected":false},"excerpt":{"rendered":"<p>Pod descartable<br \/>\n2.500 puff<\/p>","protected":false},"featured_media":14135,"template":"","meta":[],"product_brand":[],"product_cat":[29],"product_tag":[],"class_list":{"0":"post-14043","1":"product","2":"type-product","3":"status-publish","4":"has-post-thumbnail","6":"product_cat-pod-descartable","8":"first","9":"outofstock","10":"shipping-taxable","11":"product-type-variable"},"aioseo_notices":[],"jetpack_sharing_enabled":true,"_links":{"self":[{"href":"https:\/\/underhaus.com\/en\/wp-json\/wp\/v2\/product\/14043","targetHints":{"allow":["GET"]}}],"collection":[{"href":"https:\/\/underhaus.com\/en\/wp-json\/wp\/v2\/product"}],"about":[{"href":"https:\/\/underhaus.com\/en\/wp-json\/wp\/v2\/types\/product"}],"wp:featuredmedia":[{"embeddable":true,"href":"https:\/\/underhaus.com\/en\/wp-json\/wp\/v2\/media\/14135"}],"wp:attachment":[{"href":"https:\/\/underhaus.com\/en\/wp-json\/wp\/v2\/media?parent=14043"}],"wp:term":[{"taxonomy":"product_brand","embeddable":true,"href":"https:\/\/underhaus.com\/en\/wp-json\/wp\/v2\/product_brand?post=14043"},{"taxonomy":"product_cat","embeddable":true,"href":"https:\/\/underhaus.com\/en\/wp-json\/wp\/v2\/product_cat?post=14043"},{"taxonomy":"product_tag","embeddable":true,"href":"https:\/\/underhaus.com\/en\/wp-json\/wp\/v2\/product_tag?post=14043"}],"curies":[{"name":"wp","href":"https:\/\/api.w.org\/{rel}","templated":true}]}}