{"id":13960,"date":"2023-05-19T17:38:00","date_gmt":"2023-05-19T17:38:00","guid":{"rendered":"https:\/\/underhaus.com\/producto\/vaporesso-renova-zero-s-starter-kit-pod\/"},"modified":"2025-06-02T14:47:11","modified_gmt":"2025-06-02T14:47:11","slug":"vaporesso-renova-zero-s-starter-kit-pod","status":"publish","type":"product","link":"https:\/\/underhaus.com\/en\/product\/vaporesso-renova-zero-s-starter-kit-pod\/","title":{"rendered":"Vaporesso Renova Zero S Starter Kit Pod"},"content":{"rendered":"<p><span style=\"background-color:transparent;color:#000000\"><strong>Incluye en el kit:<\/strong><\/span><\/p>\n<p><span style=\"background-color:transparent;color:#000000\">1 Renova Zero\u00a0<\/span><\/p>\n<p><span style=\"background-color:transparent;color:#000000\">1 Cartucho pod recargable PCTG CCELL 1.3 ohm de 2 ml.<\/span><\/p>\n<p><span style=\"background-color:transparent;color:#000000\">1 Botella vac\u00eda recargable para llenado de l\u00edquido 10 ml.<\/span><\/p>\n<p><span style=\"background-color:transparent;color:#000000\">1 Cable de carga micro USB.<\/span><\/p>\n<p><span style=\"background-color:transparent;color:#000000\">1 Tarjeta de garant\u00eda.<\/span><\/p>\n<p><span style=\"background-color:transparent;color:#000000\">1 Manual de usuario.<\/span><\/p>\n<p><span style=\"background-color:transparent;color:#000000\"><strong>Caracter\u00edsticas:<\/strong><\/span><\/p>\n<p><span style=\"background-color:transparent;color:#000000\">Tecnolog\u00eda de bobina CCELL adopta elementos calefactores de cer\u00e1mica para un vapor sabroso y consistente con una capacidad de mayor duraci\u00f3n.<\/span><\/p>\n<p><span style=\"background-color:transparent;color:#000000\">Bater\u00eda recargable incorporada de 650 mAh.<\/span><\/p>\n<p><span style=\"background-color:transparent;color:#000000\">Salida m\u00e1xima de 12.5W.<\/span><\/p>\n<p><span style=\"background-color:transparent;color:#000000\">Indicador de duraci\u00f3n de la bater\u00eda de 3 colores.<\/span><\/p>\n<p><span style=\"background-color:transparent;color:#000000\">Salida basada en voltaje directo.<\/span><\/p>\n<p><span style=\"background-color:transparent;color:#000000\">Puerto de carga USB.<\/span><\/p>\n<p><span style=\"background-color:transparent;color:#000000\">Tama\u00f1o: 80.2mm x 31mm x 13.5mm.\u00a0<\/span><\/p>\n<p><span style=\"background-color:transparent;color:#000000\"><strong>M\u00e1s sobre el producto:<\/strong><\/span><\/p>\n<p><span style=\"background-color:transparent;color:#000000\">Es un kit de inicio ultra compacto en AIO, dise\u00f1ado para usar con l\u00edquido a base de sales est\u00e1ndar y de nicotina. De extracci\u00f3n autom\u00e1tica que ofrece un sabor y vapor sobresalientes. Su dise\u00f1o elegante, moderno y su incre\u00edble facilidad de uso. Es lo suficientemente peque\u00f1o, tiene una forma ovalada que se adapta a los bolsillos o bolso, con una boquilla arrugada que es perfecta para los vapores de garganta a pulm\u00f3n.<\/span><\/p>\n<p><span style=\"background-color:transparent;color:#000000\">Est\u00e1 dise\u00f1ado con una carcasa de aleaci\u00f3n de zinc, que protege el dispositivo de ca\u00eddas accidentales. Alimentado por el chip mini OMNI Board avanzado que brinda protecci\u00f3n contra baja resistencia, quemaduras, sobrecarga, cortocircuito, control de temperatura y otros posibles problemas. El chip tiene 3 modos de salida de energ\u00eda, con una luz Led de 3 etapas para indicar el modo de energ\u00eda, as\u00ed como la duraci\u00f3n restante de la bater\u00eda. Tambi\u00e9n potencia las capacidades de carga r\u00e1pida y el dispositivo tarda 45 minutos en pasar de estar completamente vac\u00edo a estar completamente cargado. Su bater\u00eda es impresionantemente grande para un dispositivo tan peque\u00f1o, y el avanzado chipset hace que sea una excelente opci\u00f3n para cualquiera que busque un nuevo vaporizador de tipo pod.<\/span><\/p>","protected":false},"excerpt":{"rendered":"<p>Elegante, moderno y f\u00e1cil de usar.<br \/>\nSabor y vapor sobresalientes.<br \/>\nCalada DIRECTA<\/p>","protected":false},"featured_media":14001,"template":"","meta":[],"product_brand":[],"product_cat":[28],"product_tag":[],"class_list":{"0":"post-13960","1":"product","2":"type-product","3":"status-publish","4":"has-post-thumbnail","6":"product_cat-pods","8":"first","9":"outofstock","10":"shipping-taxable","11":"product-type-variable"},"aioseo_notices":[],"jetpack_sharing_enabled":true,"_links":{"self":[{"href":"https:\/\/underhaus.com\/en\/wp-json\/wp\/v2\/product\/13960","targetHints":{"allow":["GET"]}}],"collection":[{"href":"https:\/\/underhaus.com\/en\/wp-json\/wp\/v2\/product"}],"about":[{"href":"https:\/\/underhaus.com\/en\/wp-json\/wp\/v2\/types\/product"}],"wp:featuredmedia":[{"embeddable":true,"href":"https:\/\/underhaus.com\/en\/wp-json\/wp\/v2\/media\/14001"}],"wp:attachment":[{"href":"https:\/\/underhaus.com\/en\/wp-json\/wp\/v2\/media?parent=13960"}],"wp:term":[{"taxonomy":"product_brand","embeddable":true,"href":"https:\/\/underhaus.com\/en\/wp-json\/wp\/v2\/product_brand?post=13960"},{"taxonomy":"product_cat","embeddable":true,"href":"https:\/\/underhaus.com\/en\/wp-json\/wp\/v2\/product_cat?post=13960"},{"taxonomy":"product_tag","embeddable":true,"href":"https:\/\/underhaus.com\/en\/wp-json\/wp\/v2\/product_tag?post=13960"}],"curies":[{"name":"wp","href":"https:\/\/api.w.org\/{rel}","templated":true}]}}